{"id":44,"date":"2023-05-03T14:32:52","date_gmt":"2023-05-03T14:32:52","guid":{"rendered":"https:\/\/test2.eladodalakasod.hu\/?page_id=44"},"modified":"2023-05-10T13:48:22","modified_gmt":"2023-05-10T13:48:22","slug":"about","status":"publish","type":"page","link":"https:\/\/test2.eladodalakasod.hu\/?page_id=44","title":{"rendered":"About"},"content":{"rendered":"\t\t<div data-elementor-type=\"wp-page\" data-elementor-id=\"44\" class=\"elementor elementor-44\">\n\t\t\t\t\t\t\t\t\t<section class=\"elementor-section elementor-top-section elementor-element elementor-element-54f87dc4 elementor-section-full_width elementor-section-height-min-height elementor-section-items-stretch elementor-section-content-middle elementor-reverse-mobile elementor-section-height-default\" data-id=\"54f87dc4\" data-element_type=\"section\" data-settings=\"{&quot;background_background&quot;:&quot;classic&quot;}\">\n\t\t\t\t\t\t<div class=\"elementor-container elementor-column-gap-no\">\n\t\t\t\t\t<div class=\"elementor-column elementor-col-100 elementor-top-column elementor-element elementor-element-13eadc\" data-id=\"13eadc\" data-element_type=\"column\">\n\t\t\t<div class=\"elementor-widget-wrap elementor-element-populated\">\n\t\t\t\t\t\t\t\t<div class=\"elementor-element elementor-element-15cbd602 elementor-widget__width-initial elementor-invisible elementor-widget elementor-widget-heading\" data-id=\"15cbd602\" data-element_type=\"widget\" data-settings=\"{&quot;_animation&quot;:&quot;fadeIn&quot;}\" data-widget_type=\"heading.default\">\n\t\t\t\t<div class=\"elementor-widget-container\">\n\t\t\t<style>\/*! elementor - v3.15.0 - 26-07-2023 *\/\n.elementor-heading-title{padding:0;margin:0;line-height:1}.elementor-widget-heading .elementor-heading-title[class*=elementor-size-]>a{color:inherit;font-size:inherit;line-height:inherit}.elementor-widget-heading .elementor-heading-title.elementor-size-small{font-size:15px}.elementor-widget-heading .elementor-heading-title.elementor-size-medium{font-size:19px}.elementor-widget-heading .elementor-heading-title.elementor-size-large{font-size:29px}.elementor-widget-heading .elementor-heading-title.elementor-size-xl{font-size:39px}.elementor-widget-heading .elementor-heading-title.elementor-size-xxl{font-size:59px}<\/style><h1 class=\"elementor-heading-title elementor-size-small\">Mi az a Home staging?<\/h1>\t\t<\/div>\n\t\t\t\t<\/div>\n\t\t\t\t<div class=\"elementor-element elementor-element-3fa1dfdc elementor-widget elementor-widget-text-editor\" data-id=\"3fa1dfdc\" data-element_type=\"widget\" data-widget_type=\"text-editor.default\">\n\t\t\t\t<div class=\"elementor-widget-container\">\n\t\t\t<style>\/*! elementor - v3.15.0 - 26-07-2023 *\/\n.elementor-widget-text-editor.elementor-drop-cap-view-stacked .elementor-drop-cap{background-color:#69727d;color:#fff}.elementor-widget-text-editor.elementor-drop-cap-view-framed .elementor-drop-cap{color:#69727d;border:3px solid;background-color:transparent}.elementor-widget-text-editor:not(.elementor-drop-cap-view-default) .elementor-drop-cap{margin-top:8px}.elementor-widget-text-editor:not(.elementor-drop-cap-view-default) .elementor-drop-cap-letter{width:1em;height:1em}.elementor-widget-text-editor .elementor-drop-cap{float:left;text-align:center;line-height:1;font-size:50px}.elementor-widget-text-editor .elementor-drop-cap-letter{display:inline-block}<\/style>\t\t\t\t<p>A Home Staging egy hat\u00e9kony \u00e9rt\u00e9kes\u00edt\u00e9si technika az ingatlan elad\u00e1sban, amely integr\u00e1lja a dekor\u00e1ci\u00f3t a marketinggel, hogy \u00e9lm\u00e9nyt teremtsen a lak\u00e1sv\u00e1s\u00e1rl\u00f3k sz\u00e1m\u00e1ra. Ez a m\u00f3dszer lehet\u0151v\u00e9 teszi, hogy a potenci\u00e1lis v\u00e1s\u00e1rl\u00f3k l\u00e1ss\u00e1k magukat \u00faj tulajdonosk\u00e9nt az ingatlan megtekint\u00e9sekor. Kis befektet\u00e9s eset\u00e9n is maximaliz\u00e1lja az el\u00e9rhet\u0151 legnagyobb profitot.<\/p><p>Amit csin\u00e1lunk:<\/p><ul><li>Felm\u00e9rj\u00fck az elad\u00f3 motiv\u00e1ci\u00f3j\u00e1t \u00e9s elk\u00e9pzel\u00e9seit, felbecs\u00fclj\u00fck az ingatlanban rejl\u0151 lehet\u0151s\u00e9geket, \u00e9s meghat\u00e1rozzuk azon teend\u0151k list\u00e1j\u00e1t amelyek a legkisebb r\u00e1ford\u00edt\u00e1s mellett a legmagasabb profit el\u00e9r\u00e9s\u00e9t teszik lehet\u0151v\u00e9.\u00a0<\/li><li>Miut\u00e1n felm\u00e9rt\u00fck a potenci\u00e1lis vev\u0151k k\u00f6r\u00e9t, foglalkozunk a vev\u0151k lak\u00e1sv\u00e1s\u00e1rl\u00e1si motiv\u00e1ci\u00f3ja m\u00f6g\u00f6tt megh\u00faz\u00f3d\u00f3 pszichol\u00f3gi\u00e1val.<\/li><li>Vil\u00e1gosan meghat\u00e1rozzuk a helyis\u00e9gek funkci\u00f3it, \u00e9s ennek megfelel\u0151en rendezz\u00fck be azokat.<\/li><li>Kiemelj\u00fck az ingatlan legnagyszer\u0171bb tulajdons\u00e1gait \u00e9s elvessz\u00fck a figyelmet az esetleges zavar\u00f3 t\u00e9nyez\u0151kr\u0151l.<\/li><li>Professzion\u00e1lis k\u00e9pekkel tessz\u00fck a hirdet\u00e9seket a vev\u0151k sz\u00e1m\u00e1ra vonz\u00f3v\u00e1, emellett minden projekt\u00fcnkh\u00f6z k\u00e9sz\u00edt\u00fcnk saj\u00e1t weboldalt.\u00a0<\/li><\/ul><p>Kor\u00e1bbi munk\u00e1ink k\u00f6zt l\u00e1that\u00f3, hogy b\u00e1rmilyen t\u00edpus\u00fa \u00e9s \u00e1llapot\u00fa ingatlant fel tudunk k\u00e9sz\u00edteni elad\u00e1sra, nem ijed\u00fcnk meg a kih\u00edv\u00e1sokt\u00f3l!\u00a0 Minden t\u00edpus\u00fa ingatlanhoz rendelkez\u00fcnk megfelel\u0151 berendez\u00e9ssel \u00e9s dekor\u00e1ci\u00f3val.\u00a0<\/p><p>Projektjeink egy els\u0151 ingyenes konzult\u00e1ci\u00f3val kezd\u0151dnek \u2013 vegye fel vel\u00fcnk a kapcsolatot, \u00e9s foglalja le a id\u0151pontj\u00e1t m\u00e9g ma.\u00a0<\/p><p>Az Eladod a lak\u00e1sod csapata seg\u00edts\u00e9g\u00e9vel \u00d6n egy professzion\u00e1lis \u00e9s magasan k\u00e9pzett \u00e9s min\u0151s\u00edtett Home Staging csapatba fektet be.\u00a0<\/p><p>Szeretettel v\u00e1rjuk megkeres\u00e9s\u00e9t,<\/p><p><i>\u00a0 \u00a0 \u00a0 \u00a0 \u00a0 \u00a0 \u00a0 \u00a0 \u00a0 \u00a0 \u00a0Bea \u00e9s Orsi<\/i><\/p><p>\u00a0<\/p>\t\t\t\t\t\t<\/div>\n\t\t\t\t<\/div>\n\t\t\t\t\t<\/div>\n\t\t<\/div>\n\t\t\t\t\t\t\t<\/div>\n\t\t<\/section>\n\t\t\t\t<section class=\"elementor-section elementor-top-section elementor-element elementor-element-5dd70e8b elementor-section-height-min-height elementor-section-content-middle elementor-section-boxed elementor-section-height-default elementor-section-items-middle\" data-id=\"5dd70e8b\" data-element_type=\"section\" data-settings=\"{&quot;background_background&quot;:&quot;classic&quot;}\">\n\t\t\t\t\t\t<div class=\"elementor-container elementor-column-gap-no\">\n\t\t\t\t\t<div class=\"elementor-column elementor-col-100 elementor-top-column elementor-element elementor-element-f06d12a\" data-id=\"f06d12a\" data-element_type=\"column\">\n\t\t\t<div class=\"elementor-widget-wrap elementor-element-populated\">\n\t\t\t\t\t\t\t\t<div class=\"elementor-element elementor-element-21d465d elementor-widget elementor-widget-image\" data-id=\"21d465d\" data-element_type=\"widget\" data-widget_type=\"image.default\">\n\t\t\t\t<div class=\"elementor-widget-container\">\n\t\t\t<style>\/*! elementor - v3.15.0 - 26-07-2023 *\/\n.elementor-widget-image{text-align:center}.elementor-widget-image a{display:inline-block}.elementor-widget-image a img[src$=\".svg\"]{width:48px}.elementor-widget-image img{vertical-align:middle;display:inline-block}<\/style>\t\t\t\t\t\t\t\t\t\t\t\t<img loading=\"lazy\" decoding=\"async\" width=\"525\" height=\"526\" src=\"https:\/\/test2.eladodalakasod.hu\/wp-content\/uploads\/2023\/05\/Bea-768x770.jpg\" class=\"attachment-medium_large size-medium_large wp-image-168\" alt=\"\" srcset=\"https:\/\/test2.eladodalakasod.hu\/wp-content\/uploads\/2023\/05\/Bea-768x770.jpg 768w, https:\/\/test2.eladodalakasod.hu\/wp-content\/uploads\/2023\/05\/Bea-300x300.jpg 300w, https:\/\/test2.eladodalakasod.hu\/wp-content\/uploads\/2023\/05\/Bea-150x150.jpg 150w, https:\/\/test2.eladodalakasod.hu\/wp-content\/uploads\/2023\/05\/Bea-100x100.jpg 100w, https:\/\/test2.eladodalakasod.hu\/wp-content\/uploads\/2023\/05\/Bea.jpg 957w\" sizes=\"auto, 100vw\" \/>\t\t\t\t\t\t\t\t\t\t\t\t\t\t\t<\/div>\n\t\t\t\t<\/div>\n\t\t\t\t<div class=\"elementor-element elementor-element-a5e02cc elementor-widget elementor-widget-image\" data-id=\"a5e02cc\" data-element_type=\"widget\" data-widget_type=\"image.default\">\n\t\t\t\t<div class=\"elementor-widget-container\">\n\t\t\t\t\t\t\t\t\t\t\t\t\t\t\t<img loading=\"lazy\" decoding=\"async\" width=\"525\" height=\"786\" src=\"https:\/\/test2.eladodalakasod.hu\/wp-content\/uploads\/2023\/05\/052-768x1150.jpg\" class=\"attachment-medium_large size-medium_large wp-image-169\" alt=\"\" srcset=\"https:\/\/test2.eladodalakasod.hu\/wp-content\/uploads\/2023\/05\/052-768x1150.jpg 768w, https:\/\/test2.eladodalakasod.hu\/wp-content\/uploads\/2023\/05\/052-200x300.jpg 200w, https:\/\/test2.eladodalakasod.hu\/wp-content\/uploads\/2023\/05\/052-684x1024.jpg 684w, https:\/\/test2.eladodalakasod.hu\/wp-content\/uploads\/2023\/05\/052-1025x1536.jpg 1025w, https:\/\/test2.eladodalakasod.hu\/wp-content\/uploads\/2023\/05\/052-1367x2048.jpg 1367w, https:\/\/test2.eladodalakasod.hu\/wp-content\/uploads\/2023\/05\/052-scaled.jpg 1709w\" sizes=\"auto, 100vw\" \/>\t\t\t\t\t\t\t\t\t\t\t\t\t\t\t<\/div>\n\t\t\t\t<\/div>\n\t\t\t\t\t<\/div>\n\t\t<\/div>\n\t\t\t\t\t\t\t<\/div>\n\t\t<\/section>\n\t\t\t\t\t\t\t<\/div>\n\t\t","protected":false},"excerpt":{"rendered":"<p>Mi az a Home staging? A Home Staging egy hat\u00e9kony \u00e9rt\u00e9kes\u00edt\u00e9si technika az ingatlan elad\u00e1sban, amely integr\u00e1lja a dekor\u00e1ci\u00f3t a marketinggel, hogy \u00e9lm\u00e9nyt teremtsen a lak\u00e1sv\u00e1s\u00e1rl\u00f3k sz\u00e1m\u00e1ra. Ez a m\u00f3dszer lehet\u0151v\u00e9 teszi, hogy a potenci\u00e1lis v\u00e1s\u00e1rl\u00f3k l\u00e1ss\u00e1k magukat \u00faj tulajdonosk\u00e9nt az ingatlan megtekint\u00e9sekor. Kis befektet\u00e9s eset\u00e9n is maximaliz\u00e1lja az el\u00e9rhet\u0151 legnagyobb profitot. Amit csin\u00e1lunk: Felm\u00e9rj\u00fck &hellip; <\/p>\n<p class=\"link-more\"><a href=\"https:\/\/test2.eladodalakasod.hu\/?page_id=44\" class=\"more-link\"><span class=\"screen-reader-text\">&#8222;About&#8221;<\/span> b\u0151vebben<\/a><\/p>\n","protected":false},"author":1,"featured_media":0,"parent":0,"menu_order":0,"comment_status":"closed","ping_status":"closed","template":"","meta":{"footnotes":""},"class_list":["post-44","page","type-page","status-publish","hentry"],"_links":{"self":[{"href":"https:\/\/test2.eladodalakasod.hu\/index.php?rest_route=\/wp\/v2\/pages\/44","targetHints":{"allow":["GET"]}}],"collection":[{"href":"https:\/\/test2.eladodalakasod.hu\/index.php?rest_route=\/wp\/v2\/pages"}],"about":[{"href":"https:\/\/test2.eladodalakasod.hu\/index.php?rest_route=\/wp\/v2\/types\/page"}],"author":[{"embeddable":true,"href":"https:\/\/test2.eladodalakasod.hu\/index.php?rest_route=\/wp\/v2\/users\/1"}],"replies":[{"embeddable":true,"href":"https:\/\/test2.eladodalakasod.hu\/index.php?rest_route=%2Fwp%2Fv2%2Fcomments&post=44"}],"version-history":[{"count":24,"href":"https:\/\/test2.eladodalakasod.hu\/index.php?rest_route=\/wp\/v2\/pages\/44\/revisions"}],"predecessor-version":[{"id":212,"href":"https:\/\/test2.eladodalakasod.hu\/index.php?rest_route=\/wp\/v2\/pages\/44\/revisions\/212"}],"wp:attachment":[{"href":"https:\/\/test2.eladodalakasod.hu\/index.php?rest_route=%2Fwp%2Fv2%2Fmedia&parent=44"}],"curies":[{"name":"wp","href":"https:\/\/api.w.org\/{rel}","templated":true}]}}